{"id":14671,"date":"2022-07-29T11:19:35","date_gmt":"2022-07-29T09:19:35","guid":{"rendered":"https:\/\/www.hyperdigitals.design\/privacy-policy\/"},"modified":"2023-04-09T21:18:32","modified_gmt":"2023-04-09T19:18:32","slug":"privacy-policy","status":"publish","type":"page","link":"https:\/\/www.basaridesign.com\/de\/privacy-policy\/","title":{"rendered":"Datenschutzerkl\u00e4rung"},"content":{"rendered":"<div data-elementor-type=\"wp-page\" data-elementor-id=\"14671\" class=\"elementor elementor-14671\">\n\t\t\t\t\t\t<section class=\"elementor-section elementor-top-section elementor-element elementor-element-25f1c577 elementor-section-boxed elementor-section-height-default elementor-section-height-default\" data-id=\"25f1c577\" data-element_type=\"section\" data-e-type=\"section\">\n\t\t\t\t\t\t<div class=\"elementor-container elementor-column-gap-default\">\n\t\t\t\t\t<div class=\"elementor-column elementor-col-100 elementor-top-column elementor-element elementor-element-7106f3f0\" data-id=\"7106f3f0\" data-element_type=\"column\" data-e-type=\"column\">\n\t\t\t<div class=\"elementor-widget-wrap elementor-element-populated\">\n\t\t\t\t\t\t<div class=\"elementor-element elementor-element-4b721e61 elementor-widget elementor-widget-text-editor\" data-id=\"4b721e61\" data-element_type=\"widget\" data-e-type=\"widget\" data-widget_type=\"text-editor.default\">\n\t\t\t\t<div class=\"elementor-widget-container\">\n\t\t\t\t\t\t\t\t\t<h2>Datenschutzerkl\u00e4rung<\/h2>\n<p>Willkommen bei Palmy Studio \u2013 https:\/\/www.basaridesign.com (die \u201eWebsite\u201c). Wir verstehen, dass der Datenschutz im Internet f\u00fcr die Nutzer unserer Website wichtig ist, insbesondere bei der Gesch\u00e4ftsabwicklung. Diese Erkl\u00e4rung regelt unsere Datenschutzrichtlinien in Bezug auf diejenigen Benutzer der Website (\u201eBesucher\u201c), die die Website besuchen, ohne Gesch\u00e4fte abzuwickeln, und Besucher, die sich registrieren, um Gesch\u00e4fte auf der Website abzuwickeln und die verschiedenen von Palmy Studio angebotenen Dienste zu nutzen (zusammen \u201eDienste\u201c) \u201c) (\u201eAutorisierte Kunden\u201c).<\/p>\n<h3>\u201ePersonenbezogene Daten\u201c<\/h3>\n<p>Palmy Studio bezieht sich auf alle Informationen, die die Person, auf die sich diese Informationen beziehen, identifizieren oder dazu verwendet werden k\u00f6nnen, die Person zu identifizieren, zu kontaktieren oder zu lokalisieren, einschlie\u00dflich, aber nicht beschr\u00e4nkt auf, Name, Adresse, Telefonnummer, Faxnummer, E-Mail-Adresse, Finanzprofile, Sozialversicherungsnummer und Kreditkarteninformationen. Pers\u00f6nlich identifizierbare Informationen umfassen keine Informationen, die anonym gesammelt werden (d. h. ohne Identifizierung des einzelnen Benutzers) oder demografische Informationen, die nicht mit einer identifizierten Person in Verbindung stehen.<\/p>\n<h3>Welche personenbezogenen Daten werden erfasst?<\/h3>\n<p>Wir k\u00f6nnen grundlegende Benutzerprofilinformationen von allen unseren Besuchern sammeln. Wir erfassen die folgenden zus\u00e4tzlichen Informationen von unseren autorisierten Kunden: die Namen, Adressen, Telefonnummern und E-Mail-Adressen der autorisierten Kunden, die Art und Gr\u00f6\u00dfe des Unternehmens und die Art und Gr\u00f6\u00dfe des Werbeinventars, das der autorisierte Kunde zu kaufen beabsichtigt oder verkaufen.<\/p>\n<h3>Welche Organisationen sammeln die Informationen?<\/h3>\n<p>Zus\u00e4tzlich zu unserer direkten Erfassung von Informationen k\u00f6nnen unsere Drittanbieter (z. B. Kreditkartenunternehmen, Clearingstellen und Banken), die Dienstleistungen wie Kredit-, Versicherungs- und Treuhanddienste anbieten, diese Informationen von unseren Besuchern und autorisierten Kunden erfassen. Wir haben keine Kontrolle dar\u00fcber, wie diese Dritten solche Informationen verwenden, aber wir bitten sie, offenzulegen, wie sie pers\u00f6nliche Informationen verwenden, die ihnen von Besuchern und autorisierten Kunden zur Verf\u00fcgung gestellt werden. Einige dieser Dritten k\u00f6nnen Vermittler sein, die ausschlie\u00dflich als Glieder in der Vertriebskette fungieren und die ihnen gegebenen Informationen nicht speichern, aufbewahren oder verwenden.<\/p>\n<h3>Wie verwendet die Website personenbezogene Daten?<\/h3>\n<p>Wir verwenden personenbezogene Daten, um die Website anzupassen, geeignete Serviceangebote zu machen und Kauf- und Verkaufsanfragen auf der Website zu erf\u00fcllen. Wir k\u00f6nnen Besucher und autorisierte Kunden per E-Mail \u00fcber Recherche- oder Kauf- und Verkaufsm\u00f6glichkeiten auf der Website oder Informationen zum Thema der Website informieren. Wir k\u00f6nnen auch personenbezogene Daten verwenden, um Besucher und autorisierte Kunden als Antwort auf bestimmte Anfragen zu kontaktieren oder angeforderte Informationen bereitzustellen.<\/p>\n<h3>Mit wem d\u00fcrfen die Informationen geteilt werden?<\/h3>\n<p>Personenbezogene Daten \u00fcber autorisierte Kunden k\u00f6nnen mit anderen autorisierten Kunden geteilt werden, die potenzielle Transaktionen mit anderen autorisierten Kunden bewerten m\u00f6chten. Wir k\u00f6nnen aggregierte Informationen \u00fcber unsere Besucher, einschlie\u00dflich der demografischen Daten unserer Besucher und autorisierten Kunden, an unsere verbundenen Agenturen und Drittanbieter weitergeben. Wir bieten auch die M\u00f6glichkeit, den Erhalt von Informationen oder die Kontaktaufnahme durch uns oder eine in unserem Auftrag handelnde Agentur \u201eabzulehnen\u201c.<\/p>\n<h3>Wie werden personenbezogene Daten gespeichert?<\/h3>\n<p>Von Palmy Studio gesammelte personenbezogene Daten werden sicher gespeichert und sind f\u00fcr Dritte oder Mitarbeiter von Palmy Studio nicht zug\u00e4nglich, au\u00dfer f\u00fcr die oben angegebene Verwendung.<\/p>\n<h3>Welche Wahlm\u00f6glichkeiten stehen den Besuchern hinsichtlich der Erfassung, Verwendung und Verbreitung der Informationen zur Verf\u00fcgung?<\/h3>\n<p>Besucher und autorisierte Kunden k\u00f6nnen den Erhalt unaufgeforderter Informationen von uns und\/oder unseren Lieferanten und verbundenen Agenturen oder die Kontaktaufnahme durch uns ablehnen, indem sie wie angewiesen auf E-Mails antworten oder uns kontaktieren&nbsp;<span style=\"color: var( --e-global-color-text ); font-size: 1em;\">per E-Mail an mail@basaridesign.com.<\/span><\/p>\n<h3>Werden Cookies auf der Website verwendet?<\/h3>\n<p>Cookies werden aus verschiedenen Gr\u00fcnden verwendet. Wir verwenden Cookies, um Informationen \u00fcber die Pr\u00e4ferenzen unserer Besucher und die von ihnen ausgew\u00e4hlten Dienste zu erhalten. Wir verwenden Cookies auch zu Sicherheitszwecken, um unsere autorisierten Kunden zu sch\u00fctzen. Wenn beispielsweise ein autorisierter Kunde angemeldet ist und die Website l\u00e4nger als 10 Minuten nicht verwendet wird, melden wir den autorisierten Kunden automatisch ab.<\/p>\n<p>Palmy Studio verpflichtet sich, Ihre Privatsph\u00e4re im Internet zu sch\u00fctzen.<\/p>\n<h4>Welche Informationen sammeln wir?<\/h4>\n<p>Wir erfassen Informationen von Ihnen, wenn Sie unsere Website besuchen. Beim Absenden oder Registrieren auf unserer Website werden Sie m\u00f6glicherweise aufgefordert, Ihren Namen oder Ihre E-Mail-Adresse einzugeben. Sie k\u00f6nnen unsere Seite jedoch anonym besuchen.<\/p>\n<h4>Wof\u00fcr verwenden wir Ihre Informationen?<\/h4>\n<p>Alle Informationen, die wir von Ihnen sammeln, k\u00f6nnen auf eine der folgenden Arten verwendet werden:<\/p>\n<ul>\n<li>Um unsere Website zu verbessern<\/li>\n<li>Um den Kundenservice zu verbessern<\/li>\n<\/ul>\n<h4>Wie sch\u00fctzen wir Ihre Daten?<\/h4>\n<p>Wir implementieren eine Vielzahl von Sicherheitsma\u00dfnahmen, um die Sicherheit Ihrer personenbezogenen Daten zu gew\u00e4hrleisten, wenn Sie eine Bestellung aufgeben oder Ihre personenbezogenen Daten eingeben, \u00fcbermitteln oder darauf zugreifen.<\/p>\n<h4>Cookies<\/h4>\n<p>Cookies sind kleine Dateien, die eine Website oder ihr Dienstanbieter \u00fcber Ihren Webbrowser auf die Festplatte Ihres Computers \u00fcbertr\u00e4gt (sofern Sie dies zulassen), die es den Websites oder Dienstanbietersystemen erm\u00f6glichen, Ihren Browser zu erkennen und bestimmte Informationen zu erfassen und zu speichern<\/p>\n<p>Wir verwenden Cookies, um Ihre Pr\u00e4ferenzen f\u00fcr zuk\u00fcnftige Besuche zu verstehen und zu speichern.<\/p>\n<p>Nur Online-Datenschutzrichtlinie \u2013&nbsp;<span style=\"color: var( --e-global-color-text ); font-size: 1em;\">Diese Online-Datenschutzrichtlinie gilt nur f\u00fcr Informationen, die \u00fcber unsere Website gesammelt werden, und nicht f\u00fcr Informationen, die offline gesammelt werden.<\/span><\/p>\n<p>\u00c4nderungen unserer Datenschutzerkl\u00e4rung \u2013&nbsp;<span style=\"color: var( --e-global-color-text ); font-size: 1em;\">Wenn wir uns entscheiden, unsere Datenschutzrichtlinie zu \u00e4ndern, werden wir diese \u00c4nderungen auf dieser Seite ver\u00f6ffentlichen. Wenn Sie Fragen und Anregungen zu unserer Datenschutzerkl\u00e4rung haben, kontaktieren Sie uns bitte und wir werden uns bald bei Ihnen melden.<\/span><\/p>\n<h3>Wie verwendet Palmy Studio Anmeldeinformationen?<\/h3>\n<p>Palmy Studio verwendet Anmeldeinformationen, einschlie\u00dflich, aber nicht beschr\u00e4nkt auf IP-Adressen, ISPs und Browsertypen, um Trends zu analysieren, die Website zu verwalten, die Bewegung und Nutzung eines Benutzers zu verfolgen und umfassende demografische Informationen zu sammeln.<\/p>\n<h3>Welche Partner oder Dienstleister haben Zugriff auf personenbezogene Daten von Besuchern und\/oder autorisierten Kunden auf der Website?<\/h3>\n<p>Palmy Studio ist Partnerschaften und andere Verbindungen mit einer Reihe von Anbietern eingegangen und wird dies auch in Zukunft tun. Solche Anbieter haben unter Umst\u00e4nden Zugriff auf bestimmte personenbezogene Daten, wenn dies erforderlich ist, um autorisierte Kunden auf ihre Serviceberechtigung hin zu beurteilen. Unsere Datenschutzrichtlinie deckt nicht die Erhebung oder Verwendung dieser Informationen ab. Offenlegung personenbezogener Daten zur Einhaltung gesetzlicher Vorschriften. Wir werden personenbezogene Daten offenlegen, um einem Gerichtsbeschluss oder einer Vorladung oder einer Aufforderung einer Strafverfolgungsbeh\u00f6rde zur Herausgabe von Informationen nachzukommen. Wir werden auch personenbezogene Daten offenlegen, wenn dies zum Schutz der Sicherheit unserer Besucher und autorisierten Kunden vern\u00fcnftigerweise erforderlich ist.<\/p>\n<h3>Wie sichert die Website personenbezogene Daten?<\/h3>\n<p>Alle unsere Mitarbeiter sind mit unseren Sicherheitsrichtlinien und -praktiken vertraut. Die personenbezogenen Daten unserer Besucher und autorisierten Kunden sind nur einer begrenzten Anzahl qualifizierter Mitarbeiter zug\u00e4nglich, die ein Passwort erhalten, um Zugang zu den Daten zu erhalten. Wir pr\u00fcfen unsere Sicherheitssysteme und -prozesse regelm\u00e4\u00dfig. Sensible Informationen wie Kreditkartennummern oder Sozialversicherungsnummern werden durch Verschl\u00fcsselungsprotokolle gesch\u00fctzt, die zum Schutz der \u00fcber das Internet gesendeten Informationen vorhanden sind. Obwohl wir wirtschaftlich angemessene Ma\u00dfnahmen ergreifen, um eine sichere Website aufrechtzuerhalten, sind elektronische Kommunikation und Datenbanken Fehlern, Manipulationen und Einbr\u00fcchen ausgesetzt, und wir k\u00f6nnen nicht garantieren oder garantieren, dass solche Ereignisse nicht stattfinden, und wir haften nicht gegen\u00fcber Besuchern oder autorisierten Personen Kunden f\u00fcr solche Vorkommnisse.<\/p>\n<h3>Wie k\u00f6nnen Besucher Ungenauigkeiten in personenbezogenen Daten korrigieren?<\/h3>\n<p>Besucher und autorisierte Kunden k\u00f6nnen uns kontaktieren, um personenbezogene Daten \u00fcber sie zu aktualisieren oder etwaige Ungenauigkeiten zu korrigieren, indem sie uns eine E-Mail an mail@basaridesign.com senden.<\/p>\n<h3>Kann ein Besucher von der Website erfasste personenbezogene Daten l\u00f6schen oder deaktivieren?<\/h3>\n<p>Wir bieten Besuchern und autorisierten Kunden einen Mechanismus zum L\u00f6schen\/Deaktivieren von personenbezogenen Daten aus der Datenbank der Website, indem sie Kontakt mit uns aufnehmen. Aufgrund von Sicherungen und Aufzeichnungen von L\u00f6schungen kann es jedoch unm\u00f6glich sein, den Eintrag eines Besuchers zu l\u00f6schen, ohne einige Restinformationen beizubehalten. Bei einer Person, die die Deaktivierung von personenbezogenen Daten beantragt, werden diese Informationen funktional gel\u00f6scht, und wir werden in Zukunft keine personenbezogenen Daten in Bezug auf diese Person verkaufen, \u00fcbertragen oder verwenden.<\/p>\n<h3>Was passiert, wenn sich die Datenschutzrichtlinie \u00e4ndert?<\/h3>\n<p>Wir werden unsere Besucher und autorisierten Kunden \u00fcber \u00c4nderungen unserer Datenschutzrichtlinie informieren, indem wir solche \u00c4nderungen auf der Website ver\u00f6ffentlichen. Wenn wir jedoch unsere Datenschutzrichtlinie in einer Weise \u00e4ndern, die dazu f\u00fchren k\u00f6nnte, dass die Offenlegung von personenbezogenen Daten, die ein Besucher oder autorisierter Kunde zuvor angefordert hat, nicht offengelegt wird, werden wir diesen Besucher oder autorisierten Kunden kontaktieren, damit dieser Besucher oder autorisierte Kunde dies verhindern kann eine solche Offenlegung.<\/p>\n<h3>Links:<\/h3>\n<p>Palmy Studio enth\u00e4lt Links zu anderen Websites. Bitte beachten Sie, dass Sie zu einer anderen Website wechseln, wenn Sie auf einen dieser Links klicken. Wir empfehlen Ihnen, die Datenschutzerkl\u00e4rungen dieser verlinkten Websites zu lesen, da deren Datenschutzrichtlinien von unseren abweichen k\u00f6nnen.<\/p>\n<h3>Kontaktinformationen:<\/h3>\n<p>F\u00fcr weitere Informationen \u00fcber unsere Datenschutzpraktiken, wenn Sie Fragen haben oder eine Beschwerde einreichen m\u00f6chten, kontaktieren Sie uns bitte per E-Mail unter mail@basaridesign.com.&nbsp;&nbsp;<\/p>\t\t\t\t\t\t\t\t<\/div>\n\t\t\t\t<\/div>\n\t\t\t\t\t<\/div>\n\t\t<\/div>\n\t\t\t\t\t<\/div>\n\t\t<\/section>\n\t\t\t\t<\/div>","protected":false},"excerpt":{"rendered":"<p>Privacy Policy Welcome to Palmy Studio \u2013 https:\/\/www.basaridesign.com (the \u201cSite\u201c). We understand that privacy online is important to users of our Site, especially when conducting business. This statement governs our privacy policies with respect to those users of the Site (\u201cVisitors\u201c) who visit without transacting business and Visitors who register to transact business on the [&hellip;]<\/p>\n","protected":false},"author":3,"featured_media":0,"parent":0,"menu_order":0,"comment_status":"closed","ping_status":"closed","template":"","meta":{"footnotes":""},"class_list":["post-14671","page","type-page","status-publish","hentry"],"yoast_head":"<!-- This site is optimized with the Yoast SEO plugin v27.3 - https:\/\/yoast.com\/product\/yoast-seo-wordpress\/ -->\n<title>Privacy Policy - Palmy Studio<\/title>\n<meta name=\"robots\" content=\"index, follow, max-snippet:-1, max-image-preview:large, max-video-preview:-1\" \/>\n<link rel=\"canonical\" href=\"https:\/\/www.basaridesign.com\/de\/privacy-policy\/\" \/>\n<meta property=\"og:locale\" content=\"de_DE\" \/>\n<meta property=\"og:type\" content=\"article\" \/>\n<meta property=\"og:title\" content=\"Privacy Policy - Palmy Studio\" \/>\n<meta property=\"og:description\" content=\"Privacy Policy Welcome to Palmy Studio \u2013 https:\/\/www.basaridesign.com (the \u201cSite\u201c). We understand that privacy online is important to users of our Site, especially when conducting business. This statement governs our privacy policies with respect to those users of the Site (\u201cVisitors\u201c) who visit without transacting business and Visitors who register to transact business on the [&hellip;]\" \/>\n<meta property=\"og:url\" content=\"https:\/\/www.basaridesign.com\/de\/privacy-policy\/\" \/>\n<meta property=\"og:site_name\" content=\"Palmy Studio\" \/>\n<meta property=\"article:modified_time\" content=\"2023-04-09T19:18:32+00:00\" \/>\n<meta property=\"og:image\" content=\"https:\/\/www.basaridesign.com\/wp-content\/uploads\/2023\/04\/palmystudio-social-media-header_2560x1440.png\" \/>\n\t<meta property=\"og:image:width\" content=\"2560\" \/>\n\t<meta property=\"og:image:height\" content=\"1440\" \/>\n\t<meta property=\"og:image:type\" content=\"image\/png\" \/>\n<meta name=\"twitter:card\" content=\"summary_large_image\" \/>\n<meta name=\"twitter:label1\" content=\"Gesch\u00e4tzte Lesezeit\" \/>\n\t<meta name=\"twitter:data1\" content=\"7\u00a0Minuten\" \/>\n<script type=\"application\/ld+json\" class=\"yoast-schema-graph\">{\"@context\":\"https:\\\/\\\/schema.org\",\"@graph\":[{\"@type\":\"WebPage\",\"@id\":\"https:\\\/\\\/www.basaridesign.com\\\/privacy-policy\\\/\",\"url\":\"https:\\\/\\\/www.basaridesign.com\\\/privacy-policy\\\/\",\"name\":\"Privacy Policy - Palmy Studio\",\"isPartOf\":{\"@id\":\"https:\\\/\\\/www.basaridesign.com\\\/#website\"},\"datePublished\":\"2022-07-29T09:19:35+00:00\",\"dateModified\":\"2023-04-09T19:18:32+00:00\",\"breadcrumb\":{\"@id\":\"https:\\\/\\\/www.basaridesign.com\\\/privacy-policy\\\/#breadcrumb\"},\"inLanguage\":\"de\",\"potentialAction\":[{\"@type\":\"ReadAction\",\"target\":[\"https:\\\/\\\/www.basaridesign.com\\\/privacy-policy\\\/\"]}]},{\"@type\":\"BreadcrumbList\",\"@id\":\"https:\\\/\\\/www.basaridesign.com\\\/privacy-policy\\\/#breadcrumb\",\"itemListElement\":[{\"@type\":\"ListItem\",\"position\":1,\"name\":\"Home\",\"item\":\"https:\\\/\\\/www.basaridesign.com\\\/\"},{\"@type\":\"ListItem\",\"position\":2,\"name\":\"Privacy Policy\"}]},{\"@type\":\"WebSite\",\"@id\":\"https:\\\/\\\/www.basaridesign.com\\\/#website\",\"url\":\"https:\\\/\\\/www.basaridesign.com\\\/\",\"name\":\"Palmy Studio\",\"description\":\"Custom websites for your business\",\"publisher\":{\"@id\":\"https:\\\/\\\/www.basaridesign.com\\\/#organization\"},\"alternateName\":\"Palmystudio\",\"potentialAction\":[{\"@type\":\"SearchAction\",\"target\":{\"@type\":\"EntryPoint\",\"urlTemplate\":\"https:\\\/\\\/www.basaridesign.com\\\/?s={search_term_string}\"},\"query-input\":{\"@type\":\"PropertyValueSpecification\",\"valueRequired\":true,\"valueName\":\"search_term_string\"}}],\"inLanguage\":\"de\"},{\"@type\":\"Organization\",\"@id\":\"https:\\\/\\\/www.basaridesign.com\\\/#organization\",\"name\":\"Palmy Studio\",\"alternateName\":\"Palmystudio\",\"url\":\"https:\\\/\\\/www.basaridesign.com\\\/\",\"logo\":{\"@type\":\"ImageObject\",\"inLanguage\":\"de\",\"@id\":\"https:\\\/\\\/www.basaridesign.com\\\/#\\\/schema\\\/logo\\\/image\\\/\",\"url\":\"https:\\\/\\\/www.basaridesign.com\\\/wp-content\\\/uploads\\\/2021\\\/11\\\/palmystudio_logo-icon.svg\",\"contentUrl\":\"https:\\\/\\\/www.basaridesign.com\\\/wp-content\\\/uploads\\\/2021\\\/11\\\/palmystudio_logo-icon.svg\",\"width\":300,\"height\":300,\"caption\":\"Palmy Studio\"},\"image\":{\"@id\":\"https:\\\/\\\/www.basaridesign.com\\\/#\\\/schema\\\/logo\\\/image\\\/\"}}]}<\/script>\n<!-- \/ Yoast SEO plugin. -->","yoast_head_json":{"title":"Privacy Policy - Palmy Studio","robots":{"index":"index","follow":"follow","max-snippet":"max-snippet:-1","max-image-preview":"max-image-preview:large","max-video-preview":"max-video-preview:-1"},"canonical":"https:\/\/www.basaridesign.com\/de\/privacy-policy\/","og_locale":"de_DE","og_type":"article","og_title":"Privacy Policy - Palmy Studio","og_description":"Privacy Policy Welcome to Palmy Studio \u2013 https:\/\/www.basaridesign.com (the \u201cSite\u201c). We understand that privacy online is important to users of our Site, especially when conducting business. This statement governs our privacy policies with respect to those users of the Site (\u201cVisitors\u201c) who visit without transacting business and Visitors who register to transact business on the [&hellip;]","og_url":"https:\/\/www.basaridesign.com\/de\/privacy-policy\/","og_site_name":"Palmy Studio","article_modified_time":"2023-04-09T19:18:32+00:00","og_image":[{"width":2560,"height":1440,"url":"https:\/\/www.basaridesign.com\/wp-content\/uploads\/2023\/04\/palmystudio-social-media-header_2560x1440.png","type":"image\/png"}],"twitter_card":"summary_large_image","twitter_misc":{"Gesch\u00e4tzte Lesezeit":"7\u00a0Minuten"},"schema":{"@context":"https:\/\/schema.org","@graph":[{"@type":"WebPage","@id":"https:\/\/www.basaridesign.com\/privacy-policy\/","url":"https:\/\/www.basaridesign.com\/privacy-policy\/","name":"Privacy Policy - Palmy Studio","isPartOf":{"@id":"https:\/\/www.basaridesign.com\/#website"},"datePublished":"2022-07-29T09:19:35+00:00","dateModified":"2023-04-09T19:18:32+00:00","breadcrumb":{"@id":"https:\/\/www.basaridesign.com\/privacy-policy\/#breadcrumb"},"inLanguage":"de","potentialAction":[{"@type":"ReadAction","target":["https:\/\/www.basaridesign.com\/privacy-policy\/"]}]},{"@type":"BreadcrumbList","@id":"https:\/\/www.basaridesign.com\/privacy-policy\/#breadcrumb","itemListElement":[{"@type":"ListItem","position":1,"name":"Home","item":"https:\/\/www.basaridesign.com\/"},{"@type":"ListItem","position":2,"name":"Privacy Policy"}]},{"@type":"WebSite","@id":"https:\/\/www.basaridesign.com\/#website","url":"https:\/\/www.basaridesign.com\/","name":"Palmy Studio","description":"Custom websites for your business","publisher":{"@id":"https:\/\/www.basaridesign.com\/#organization"},"alternateName":"Palmystudio","potentialAction":[{"@type":"SearchAction","target":{"@type":"EntryPoint","urlTemplate":"https:\/\/www.basaridesign.com\/?s={search_term_string}"},"query-input":{"@type":"PropertyValueSpecification","valueRequired":true,"valueName":"search_term_string"}}],"inLanguage":"de"},{"@type":"Organization","@id":"https:\/\/www.basaridesign.com\/#organization","name":"Palmy Studio","alternateName":"Palmystudio","url":"https:\/\/www.basaridesign.com\/","logo":{"@type":"ImageObject","inLanguage":"de","@id":"https:\/\/www.basaridesign.com\/#\/schema\/logo\/image\/","url":"https:\/\/www.basaridesign.com\/wp-content\/uploads\/2021\/11\/palmystudio_logo-icon.svg","contentUrl":"https:\/\/www.basaridesign.com\/wp-content\/uploads\/2021\/11\/palmystudio_logo-icon.svg","width":300,"height":300,"caption":"Palmy Studio"},"image":{"@id":"https:\/\/www.basaridesign.com\/#\/schema\/logo\/image\/"}}]}},"_links":{"self":[{"href":"https:\/\/www.basaridesign.com\/de\/wp-json\/wp\/v2\/pages\/14671","targetHints":{"allow":["GET"]}}],"collection":[{"href":"https:\/\/www.basaridesign.com\/de\/wp-json\/wp\/v2\/pages"}],"about":[{"href":"https:\/\/www.basaridesign.com\/de\/wp-json\/wp\/v2\/types\/page"}],"author":[{"embeddable":true,"href":"https:\/\/www.basaridesign.com\/de\/wp-json\/wp\/v2\/users\/3"}],"replies":[{"embeddable":true,"href":"https:\/\/www.basaridesign.com\/de\/wp-json\/wp\/v2\/comments?post=14671"}],"version-history":[{"count":10,"href":"https:\/\/www.basaridesign.com\/de\/wp-json\/wp\/v2\/pages\/14671\/revisions"}],"predecessor-version":[{"id":17815,"href":"https:\/\/www.basaridesign.com\/de\/wp-json\/wp\/v2\/pages\/14671\/revisions\/17815"}],"wp:attachment":[{"href":"https:\/\/www.basaridesign.com\/de\/wp-json\/wp\/v2\/media?parent=14671"}],"curies":[{"name":"wp","href":"https:\/\/api.w.org\/{rel}","templated":true}]}}