{"id":14691,"date":"2022-07-29T11:31:34","date_gmt":"2022-07-29T09:31:34","guid":{"rendered":"https:\/\/www.hyperdigitals.design\/terms-of-use\/"},"modified":"2023-05-29T21:26:33","modified_gmt":"2023-05-29T19:26:33","slug":"terms-of-use","status":"publish","type":"page","link":"https:\/\/www.basaridesign.com\/de\/terms-of-use\/","title":{"rendered":"Allgemeine Gesch\u00e4ftsbedingungen"},"content":{"rendered":"<div data-elementor-type=\"wp-page\" data-elementor-id=\"14691\" class=\"elementor elementor-14691\">\n\t\t\t\t\t\t<section class=\"elementor-section elementor-top-section elementor-element elementor-element-250f9a2 elementor-section-boxed elementor-section-height-default elementor-section-height-default\" data-id=\"250f9a2\" data-element_type=\"section\" data-e-type=\"section\">\n\t\t\t\t\t\t<div class=\"elementor-container elementor-column-gap-default\">\n\t\t\t\t\t<div class=\"elementor-column elementor-col-100 elementor-top-column elementor-element elementor-element-37f29d42\" data-id=\"37f29d42\" data-element_type=\"column\" data-e-type=\"column\">\n\t\t\t<div class=\"elementor-widget-wrap elementor-element-populated\">\n\t\t\t\t\t\t<div class=\"elementor-element elementor-element-5b917d9d elementor-widget elementor-widget-text-editor\" data-id=\"5b917d9d\" data-element_type=\"widget\" data-e-type=\"widget\" data-widget_type=\"text-editor.default\">\n\t\t\t\t<div class=\"elementor-widget-container\">\n\t\t\t\t\t\t\t\t\t<h2>Allgemeine Gesch\u00e4ftsbedingungen<\/h2>\n<p>Diese Bedingungen regeln Ihren Zugriff auf und die Nutzung aller Inhalte, Produkte und Dienste, die auf der Website https:\/\/www.basaridesign.com (der \u201eDienst\u201c) verf\u00fcgbar sind, die von Palmy Studio (\u201euns\u201c, \u201ewir\u201c oder \u201eunser\u201c) betrieben wird. ).<\/p>\n<p>Ihr Zugang zu unseren Diensten unterliegt Ihrer uneingeschr\u00e4nkten Zustimmung zu allen hierin enthaltenen Gesch\u00e4ftsbedingungen und allen anderen ver\u00f6ffentlichten Betriebsregeln und Richtlinien, die von Zeit zu Zeit von uns ver\u00f6ffentlicht werden k\u00f6nnen.<\/p>\n<p>Bitte lesen Sie die Vereinbarung sorgf\u00e4ltig durch, bevor Sie auf unsere Dienste zugreifen oder diese nutzen. Durch den Zugriff auf oder die Nutzung eines Teils unserer Dienste stimmen Sie zu, an diese Bedingungen gebunden zu sein. Wenn Sie einem Teil der Bedingungen der Vereinbarung nicht zustimmen, d\u00fcrfen Sie nicht auf unsere Dienste zugreifen oder diese nutzen.<\/p>\n<h3>Geistiges Eigentum<\/h3>\n<p>Durch die Vereinbarung wird Ihnen kein geistiges Eigentum von uns oder Dritten \u00fcbertragen, und alle Rechte, Titel und Anspr\u00fcche an diesem Eigentum verbleiben (zwischen den Parteien) ausschlie\u00dflich bei Palmy Studio und seinen Lizenzgebern.<\/p>\n<h4>Dienste von Drittanbietern<\/h4>\n<p>Bei der Nutzung der Dienste k\u00f6nnen Sie Dienste, Produkte, Software, Einbettungen oder Anwendungen von Drittanbietern (\u201eDienste von Drittanbietern\u201c) verwenden, die von Drittanbietern entwickelt wurden.<\/p>\n<p>Wenn Sie Dienste von Drittanbietern nutzen, verstehen Sie Folgendes:<\/p>\n<ul>\n<li>Jegliche Nutzung eines Drittanbieterdienstes erfolgt auf Ihr eigenes Risiko, und wir sind gegen\u00fcber niemandem f\u00fcr Websites oder Dienste von Drittanbietern verantwortlich oder haftbar.<\/li>\n<li>Sie erkennen an und stimmen zu, dass wir nicht verantwortlich oder haftbar sind f\u00fcr Sch\u00e4den oder Verluste, die durch oder im Zusammenhang mit der Nutzung solcher Inhalte, Waren oder Dienstleistungen, die auf oder \u00fcber solche Websites oder Dienstleistungen verf\u00fcgbar sind, verursacht oder angeblich verursacht wurden.<\/li>\n<\/ul>\n<h3>Accounts<\/h3>\n<p>Wenn f\u00fcr die Nutzung eines Teils unserer Dienste ein Konto erforderlich ist, erkl\u00e4ren Sie sich damit einverstanden, uns vollst\u00e4ndige und genaue Informationen bereitzustellen, wenn Sie sich f\u00fcr ein Konto registrieren.<\/p>\n<p>Sie sind allein verantwortlich und haftbar f\u00fcr alle Aktivit\u00e4ten, die unter Ihrem Konto stattfinden. Sie sind daf\u00fcr verantwortlich, Ihre Kontoinformationen auf dem neuesten Stand zu halten und Ihr Passwort sicher aufzubewahren.<\/p>\n<p>Sie sind f\u00fcr die Aufrechterhaltung der Sicherheit Ihres Kontos verantwortlich, das Sie f\u00fcr den Zugriff auf den Dienst verwenden. Sie d\u00fcrfen Ihre Zugangsdaten nicht weitergeben oder missbrauchen. Sie m\u00fcssen uns unverz\u00fcglich \u00fcber jede unbefugte Nutzung Ihres Kontos oder bei Kenntnisnahme einer anderen Sicherheitsverletzung informieren.<\/p>\n<h3>Beendigung<\/h3>\n<p>Wir k\u00f6nnen Ihren Zugriff auf alle oder einen Teil unserer Dienste jederzeit mit oder ohne Angabe von Gr\u00fcnden, mit oder ohne Vorank\u00fcndigung mit sofortiger Wirkung k\u00fcndigen oder aussetzen.<\/p>\n<p>Wenn Sie die Vereinbarung oder Ihr Palmy Studio-Konto k\u00fcndigen m\u00f6chten, k\u00f6nnen Sie die Nutzung unserer Dienste einfach einstellen.<\/p>\n<p>Alle Bestimmungen der Vereinbarung, die ihrer Natur nach der Beendigung zur\u00fcckbleiben sollten, bleiben auch nach der Beendigung bestehen, einschlie\u00dflich, aber nicht beschr\u00e4nkt auf Eigentumsbestimmungen, Gew\u00e4hrleistungsausschl\u00fcsse, Entsch\u00e4digung und Haftungsbeschr\u00e4nkungen.<\/p>\n<h3>Haftungsausschluss<\/h3>\n<p>Unsere Dienstleistungen werden \u201eWIE BESEHEN\u201c bereitgestellt. und \u201eWIE VERF\u00dcGBAR\u201c. Palmy Studio und seine Lieferanten und Lizenzgeber lehnen hiermit jegliche Garantien jeglicher Art ab, ob ausdr\u00fccklich oder stillschweigend, einschlie\u00dflich, aber nicht beschr\u00e4nkt auf die Garantien der Marktg\u00e4ngigkeit, der Eignung f\u00fcr einen bestimmten Zweck und der Nichtverletzung von Rechten Dritter. Weder Palmy Studio noch seine Lieferanten und Lizenzgeber geben eine Garantie daf\u00fcr, dass unsere Dienste fehlerfrei sind oder dass der Zugriff darauf kontinuierlich oder ununterbrochen m\u00f6glich ist. Sie verstehen, dass Sie nach eigenem Ermessen und auf eigenes Risiko Inhalte oder Dienste \u00fcber unsere Dienste herunterladen oder auf andere Weise \u00fcber sie erhalten.<\/p>\n<h4>Gerichtsstand und anwendbares Recht<\/h4>\n<p>Sofern das geltende Recht nichts anderes vorsieht, unterliegen die Vereinbarung und jeder Zugriff auf oder die Nutzung unserer Dienste den Gesetzen Deutschlands.<\/p>\n<p>Der zust\u00e4ndige Gerichtsstand f\u00fcr alle Streitigkeiten, die sich aus oder im Zusammenhang mit der Vereinbarung und dem Zugang zu oder der Nutzung unserer Dienste ergeben, sind die Landes- und Bundesgerichte in Deutschland.<\/p>\n<h3>\u00c4nderungen<\/h3>\n<p><span style=\"color: var( --e-global-color-text ); font-size: 1em;\">Palmy Studio<\/span>&nbsp;beh\u00e4lt sich das Recht vor, diese Bedingungen nach eigenem Ermessen jederzeit zu \u00e4ndern oder zu ersetzen.<\/p>\n<p>Wenn wir wesentliche \u00c4nderungen vornehmen, werden wir Sie dar\u00fcber informieren, indem wir sie auf unserer Website ver\u00f6ffentlichen oder Ihnen eine E-Mail oder eine andere Mitteilung senden, bevor die \u00c4nderungen in Kraft treten. In der Mitteilung wird ein angemessener Zeitraum angegeben, nach dem die neuen Bedingungen wirksam werden.<\/p>\n<p>Wenn Sie mit unseren \u00c4nderungen nicht einverstanden sind, sollten Sie die Nutzung unserer Dienste innerhalb der festgelegten Mitteilungsfrist oder nach Inkrafttreten der \u00c4nderungen einstellen.<\/p>\n<p>Ihre fortgesetzte Nutzung unserer Dienste unterliegt den neuen Bedingungen.<\/p>\t\t\t\t\t\t\t\t<\/div>\n\t\t\t\t<\/div>\n\t\t\t\t\t<\/div>\n\t\t<\/div>\n\t\t\t\t\t<\/div>\n\t\t<\/section>\n\t\t\t\t<\/div>","protected":false},"excerpt":{"rendered":"<p>Terms and Conditions These Terms govern your access to, usage of all content, Product and Services available at https:\/\/www.basaridesign.com website (the \u201cService\u201d) operated by Palmy Studio (\u201cus\u201d, \u201cwe\u201d, or \u201cour\u201d). Your access to our services are subject to your acceptance, without modification, of all of the terms and conditions contained herein and all other operating [&hellip;]<\/p>\n","protected":false},"author":3,"featured_media":0,"parent":0,"menu_order":0,"comment_status":"closed","ping_status":"closed","template":"","meta":{"footnotes":""},"class_list":["post-14691","page","type-page","status-publish","hentry"],"yoast_head":"<!-- This site is optimized with the Yoast SEO plugin v27.3 - https:\/\/yoast.com\/product\/yoast-seo-wordpress\/ -->\n<title>Terms of Use - Palmy Studio<\/title>\n<meta name=\"robots\" content=\"index, follow, max-snippet:-1, max-image-preview:large, max-video-preview:-1\" \/>\n<link rel=\"canonical\" href=\"https:\/\/www.basaridesign.com\/de\/terms-of-use\/\" \/>\n<meta property=\"og:locale\" content=\"de_DE\" \/>\n<meta property=\"og:type\" content=\"article\" \/>\n<meta property=\"og:title\" content=\"Terms of Use - Palmy Studio\" \/>\n<meta property=\"og:description\" content=\"Terms and Conditions These Terms govern your access to, usage of all content, Product and Services available at https:\/\/www.basaridesign.com website (the \u201cService\u201d) operated by Palmy Studio (\u201cus\u201d, \u201cwe\u201d, or \u201cour\u201d). Your access to our services are subject to your acceptance, without modification, of all of the terms and conditions contained herein and all other operating [&hellip;]\" \/>\n<meta property=\"og:url\" content=\"https:\/\/www.basaridesign.com\/de\/terms-of-use\/\" \/>\n<meta property=\"og:site_name\" content=\"Palmy Studio\" \/>\n<meta property=\"article:modified_time\" content=\"2023-05-29T19:26:33+00:00\" \/>\n<meta property=\"og:image\" content=\"https:\/\/www.basaridesign.com\/wp-content\/uploads\/2023\/04\/palmystudio-social-media-header_2560x1440.png\" \/>\n\t<meta property=\"og:image:width\" content=\"2560\" \/>\n\t<meta property=\"og:image:height\" content=\"1440\" \/>\n\t<meta property=\"og:image:type\" content=\"image\/png\" \/>\n<meta name=\"twitter:card\" content=\"summary_large_image\" \/>\n<meta name=\"twitter:label1\" content=\"Gesch\u00e4tzte Lesezeit\" \/>\n\t<meta name=\"twitter:data1\" content=\"4\u00a0Minuten\" \/>\n<script type=\"application\/ld+json\" class=\"yoast-schema-graph\">{\"@context\":\"https:\\\/\\\/schema.org\",\"@graph\":[{\"@type\":\"WebPage\",\"@id\":\"https:\\\/\\\/www.basaridesign.com\\\/terms-of-use\\\/\",\"url\":\"https:\\\/\\\/www.basaridesign.com\\\/terms-of-use\\\/\",\"name\":\"Terms of Use - Palmy Studio\",\"isPartOf\":{\"@id\":\"https:\\\/\\\/www.basaridesign.com\\\/#website\"},\"datePublished\":\"2022-07-29T09:31:34+00:00\",\"dateModified\":\"2023-05-29T19:26:33+00:00\",\"breadcrumb\":{\"@id\":\"https:\\\/\\\/www.basaridesign.com\\\/terms-of-use\\\/#breadcrumb\"},\"inLanguage\":\"de\",\"potentialAction\":[{\"@type\":\"ReadAction\",\"target\":[\"https:\\\/\\\/www.basaridesign.com\\\/terms-of-use\\\/\"]}]},{\"@type\":\"BreadcrumbList\",\"@id\":\"https:\\\/\\\/www.basaridesign.com\\\/terms-of-use\\\/#breadcrumb\",\"itemListElement\":[{\"@type\":\"ListItem\",\"position\":1,\"name\":\"Home\",\"item\":\"https:\\\/\\\/www.basaridesign.com\\\/\"},{\"@type\":\"ListItem\",\"position\":2,\"name\":\"Terms of Use\"}]},{\"@type\":\"WebSite\",\"@id\":\"https:\\\/\\\/www.basaridesign.com\\\/#website\",\"url\":\"https:\\\/\\\/www.basaridesign.com\\\/\",\"name\":\"Palmy Studio\",\"description\":\"Custom websites for your business\",\"publisher\":{\"@id\":\"https:\\\/\\\/www.basaridesign.com\\\/#organization\"},\"alternateName\":\"Palmystudio\",\"potentialAction\":[{\"@type\":\"SearchAction\",\"target\":{\"@type\":\"EntryPoint\",\"urlTemplate\":\"https:\\\/\\\/www.basaridesign.com\\\/?s={search_term_string}\"},\"query-input\":{\"@type\":\"PropertyValueSpecification\",\"valueRequired\":true,\"valueName\":\"search_term_string\"}}],\"inLanguage\":\"de\"},{\"@type\":\"Organization\",\"@id\":\"https:\\\/\\\/www.basaridesign.com\\\/#organization\",\"name\":\"Palmy Studio\",\"alternateName\":\"Palmystudio\",\"url\":\"https:\\\/\\\/www.basaridesign.com\\\/\",\"logo\":{\"@type\":\"ImageObject\",\"inLanguage\":\"de\",\"@id\":\"https:\\\/\\\/www.basaridesign.com\\\/#\\\/schema\\\/logo\\\/image\\\/\",\"url\":\"https:\\\/\\\/www.basaridesign.com\\\/wp-content\\\/uploads\\\/2021\\\/11\\\/palmystudio_logo-icon.svg\",\"contentUrl\":\"https:\\\/\\\/www.basaridesign.com\\\/wp-content\\\/uploads\\\/2021\\\/11\\\/palmystudio_logo-icon.svg\",\"width\":300,\"height\":300,\"caption\":\"Palmy Studio\"},\"image\":{\"@id\":\"https:\\\/\\\/www.basaridesign.com\\\/#\\\/schema\\\/logo\\\/image\\\/\"}}]}<\/script>\n<!-- \/ Yoast SEO plugin. -->","yoast_head_json":{"title":"Terms of Use - Palmy Studio","robots":{"index":"index","follow":"follow","max-snippet":"max-snippet:-1","max-image-preview":"max-image-preview:large","max-video-preview":"max-video-preview:-1"},"canonical":"https:\/\/www.basaridesign.com\/de\/terms-of-use\/","og_locale":"de_DE","og_type":"article","og_title":"Terms of Use - Palmy Studio","og_description":"Terms and Conditions These Terms govern your access to, usage of all content, Product and Services available at https:\/\/www.basaridesign.com website (the \u201cService\u201d) operated by Palmy Studio (\u201cus\u201d, \u201cwe\u201d, or \u201cour\u201d). Your access to our services are subject to your acceptance, without modification, of all of the terms and conditions contained herein and all other operating [&hellip;]","og_url":"https:\/\/www.basaridesign.com\/de\/terms-of-use\/","og_site_name":"Palmy Studio","article_modified_time":"2023-05-29T19:26:33+00:00","og_image":[{"width":2560,"height":1440,"url":"https:\/\/www.basaridesign.com\/wp-content\/uploads\/2023\/04\/palmystudio-social-media-header_2560x1440.png","type":"image\/png"}],"twitter_card":"summary_large_image","twitter_misc":{"Gesch\u00e4tzte Lesezeit":"4\u00a0Minuten"},"schema":{"@context":"https:\/\/schema.org","@graph":[{"@type":"WebPage","@id":"https:\/\/www.basaridesign.com\/terms-of-use\/","url":"https:\/\/www.basaridesign.com\/terms-of-use\/","name":"Terms of Use - Palmy Studio","isPartOf":{"@id":"https:\/\/www.basaridesign.com\/#website"},"datePublished":"2022-07-29T09:31:34+00:00","dateModified":"2023-05-29T19:26:33+00:00","breadcrumb":{"@id":"https:\/\/www.basaridesign.com\/terms-of-use\/#breadcrumb"},"inLanguage":"de","potentialAction":[{"@type":"ReadAction","target":["https:\/\/www.basaridesign.com\/terms-of-use\/"]}]},{"@type":"BreadcrumbList","@id":"https:\/\/www.basaridesign.com\/terms-of-use\/#breadcrumb","itemListElement":[{"@type":"ListItem","position":1,"name":"Home","item":"https:\/\/www.basaridesign.com\/"},{"@type":"ListItem","position":2,"name":"Terms of Use"}]},{"@type":"WebSite","@id":"https:\/\/www.basaridesign.com\/#website","url":"https:\/\/www.basaridesign.com\/","name":"Palmy Studio","description":"Custom websites for your business","publisher":{"@id":"https:\/\/www.basaridesign.com\/#organization"},"alternateName":"Palmystudio","potentialAction":[{"@type":"SearchAction","target":{"@type":"EntryPoint","urlTemplate":"https:\/\/www.basaridesign.com\/?s={search_term_string}"},"query-input":{"@type":"PropertyValueSpecification","valueRequired":true,"valueName":"search_term_string"}}],"inLanguage":"de"},{"@type":"Organization","@id":"https:\/\/www.basaridesign.com\/#organization","name":"Palmy Studio","alternateName":"Palmystudio","url":"https:\/\/www.basaridesign.com\/","logo":{"@type":"ImageObject","inLanguage":"de","@id":"https:\/\/www.basaridesign.com\/#\/schema\/logo\/image\/","url":"https:\/\/www.basaridesign.com\/wp-content\/uploads\/2021\/11\/palmystudio_logo-icon.svg","contentUrl":"https:\/\/www.basaridesign.com\/wp-content\/uploads\/2021\/11\/palmystudio_logo-icon.svg","width":300,"height":300,"caption":"Palmy Studio"},"image":{"@id":"https:\/\/www.basaridesign.com\/#\/schema\/logo\/image\/"}}]}},"_links":{"self":[{"href":"https:\/\/www.basaridesign.com\/de\/wp-json\/wp\/v2\/pages\/14691","targetHints":{"allow":["GET"]}}],"collection":[{"href":"https:\/\/www.basaridesign.com\/de\/wp-json\/wp\/v2\/pages"}],"about":[{"href":"https:\/\/www.basaridesign.com\/de\/wp-json\/wp\/v2\/types\/page"}],"author":[{"embeddable":true,"href":"https:\/\/www.basaridesign.com\/de\/wp-json\/wp\/v2\/users\/3"}],"replies":[{"embeddable":true,"href":"https:\/\/www.basaridesign.com\/de\/wp-json\/wp\/v2\/comments?post=14691"}],"version-history":[{"count":10,"href":"https:\/\/www.basaridesign.com\/de\/wp-json\/wp\/v2\/pages\/14691\/revisions"}],"predecessor-version":[{"id":17827,"href":"https:\/\/www.basaridesign.com\/de\/wp-json\/wp\/v2\/pages\/14691\/revisions\/17827"}],"wp:attachment":[{"href":"https:\/\/www.basaridesign.com\/de\/wp-json\/wp\/v2\/media?parent=14691"}],"curies":[{"name":"wp","href":"https:\/\/api.w.org\/{rel}","templated":true}]}}